{"id":272,"date":"2018-01-20T10:14:41","date_gmt":"2018-01-20T09:14:41","guid":{"rendered":"http:\/\/gefluegel.unitrend.de\/?page_id=272"},"modified":"2024-02-01T21:38:15","modified_gmt":"2024-02-01T20:38:15","slug":"home-2","status":"publish","type":"page","link":"https:\/\/gefluegel.unitrend.de\/","title":{"rendered":"Willkommen&#8230;"},"content":{"rendered":"<p>&#8230;auf der Internetseite des Vereins &#8222;Rassegefl\u00fcgel Apolda e.V.&#8220; Hier stellen wir (<a href=\"http:\/\/gefluegel.unitrend.de\/index.php\/zuechter\/\">Z\u00fcchter<\/a>) uns und unsere Vereinst\u00e4tigkeit vor, organisieren unsere Treffen (<a href=\"http:\/\/gefluegel.unitrend.de\/index.php\/termine\/\">Kalender<\/a>), teilen unsere Erfahrungen in der Gefl\u00fcgelzucht (<a href=\"http:\/\/gefluegel.unitrend.de\/index.php\/beitraege\/\">Beitr\u00e4ge<\/a>), diskutieren (<a href=\"http:\/\/gefluegel.unitrend.de\/index.php\/forum\/\">Forum<\/a> und Kommentare) und schwelgen in Erinnerungen (Bildergalerien, Berichte und <a href=\"http:\/\/gefluegel.unitrend.de\/index.php\/geschichtliches\/\">Geschichtliches<\/a>).<\/p>\n<blockquote class=\"alignleft\"><p>Gefl\u00fcgel ist unser Hobby!<\/p><\/blockquote>\n<p>Du bist herzlich eingeladen mit uns die spannende Welt des Rassegefl\u00fcgels zu erleben. Weit weg von kommerziellen Bestrebungen agieren wir rein ideell.<\/p>\n<p>Wenn Du Interesse hast Dich dem Verein anzuschlie\u00dfen, dann ist der Bereich <a href=\"http:\/\/gefluegel.unitrend.de\/index.php\/mitgliedschaft\/\">Mitgliedschaft<\/a> ein guter Startpunkt. Dort findest Du grob aufgelistet was die Vorz\u00fcge einer Vereinsmitgliedschaft sind sowie alles Notwendige f\u00fcr eine Aufnahme in den Verein.<\/p>\n<p><span style=\"color: #ff0000;\"><strong>Der Verein ist Aufgel\u00f6st und existiert seit\u00a0 Herbst 2023\u00a0 nicht mehr!<\/strong><\/span><\/p>\n<blockquote class=\"alignright\"><p>Die Beitr\u00e4ge dieser Seite sind per <a href=\"http:\/\/gefluegel.unitrend.de\/index.php\/feed\/\" target=\"_blank\" rel=\"noopener\">RSS<\/a> abbonierbar. Damit bleibst Du immer aktuell informiert.<\/p><\/blockquote>\n<p>Solltest Du Probleme mit dem Inhalt oder der Funktion der Seite haben wende Dich bitte an:<\/p>\n<p><img loading=\"lazy\" decoding=\"async\" class=\"wp-image-378 alignleft\" src=\"http:\/\/gefluegel.unitrend.de\/wp-content\/uploads\/2018\/01\/Daniel04_July2015_web.jpg\" alt=\"Portrait Daniel G\u00e4bler\" width=\"102\" height=\"135\" \/><\/p>\n<p>Daniel G\u00e4bler<br \/>\nwebmaster[at]gefluegel[.]unitrend[.]de<\/p>\n","protected":false},"excerpt":{"rendered":"<p>&#8230;auf der Internetseite des Vereins &#8222;Rassegefl\u00fcgel Apolda e.V.&#8220; Hier stellen wir (Z\u00fcchter) uns und unsere Vereinst\u00e4tigkeit vor, organisieren unsere Treffen (Kalender), teilen unsere Erfahrungen in der Gefl\u00fcgelzucht (Beitr\u00e4ge), diskutieren (Forum &hellip; <a href=\"https:\/\/gefluegel.unitrend.de\/\" class=\"more-link\"><span class=\"screen-reader-text\">Willkommen&#8230;<\/span> weiterlesen <span class=\"meta-nav\">&rarr;<\/span><\/a><\/p>\n","protected":false},"author":1,"featured_media":0,"parent":0,"menu_order":0,"comment_status":"closed","ping_status":"closed","template":"","meta":{"_EventAllDay":false,"_EventTimezone":"","_EventStartDate":"","_EventEndDate":"","_EventStartDateUTC":"","_EventEndDateUTC":"","_EventShowMap":false,"_EventShowMapLink":false,"_EventURL":"","_EventCost":"","_EventCostDescription":"","_EventCurrencySymbol":"","_EventCurrencyCode":"","_EventCurrencyPosition":"","_EventDateTimeSeparator":"","_EventTimeRangeSeparator":"","_EventOrganizerID":[],"_EventVenueID":[],"_OrganizerEmail":"","_OrganizerPhone":"","_OrganizerWebsite":"","_VenueAddress":"","_VenueCity":"","_VenueCountry":"","_VenueProvince":"","_VenueState":"","_VenueZip":"","_VenuePhone":"","_VenueURL":"","_VenueStateProvince":"","_VenueLat":"","_VenueLng":"","_VenueShowMap":false,"_VenueShowMapLink":false,"footnotes":""},"class_list":["post-272","page","type-page","status-publish","hentry"],"_links":{"self":[{"href":"https:\/\/gefluegel.unitrend.de\/index.php\/wp-json\/wp\/v2\/pages\/272","targetHints":{"allow":["GET"]}}],"collection":[{"href":"https:\/\/gefluegel.unitrend.de\/index.php\/wp-json\/wp\/v2\/pages"}],"about":[{"href":"https:\/\/gefluegel.unitrend.de\/index.php\/wp-json\/wp\/v2\/types\/page"}],"author":[{"embeddable":true,"href":"https:\/\/gefluegel.unitrend.de\/index.php\/wp-json\/wp\/v2\/users\/1"}],"replies":[{"embeddable":true,"href":"https:\/\/gefluegel.unitrend.de\/index.php\/wp-json\/wp\/v2\/comments?post=272"}],"version-history":[{"count":18,"href":"https:\/\/gefluegel.unitrend.de\/index.php\/wp-json\/wp\/v2\/pages\/272\/revisions"}],"predecessor-version":[{"id":840,"href":"https:\/\/gefluegel.unitrend.de\/index.php\/wp-json\/wp\/v2\/pages\/272\/revisions\/840"}],"wp:attachment":[{"href":"https:\/\/gefluegel.unitrend.de\/index.php\/wp-json\/wp\/v2\/media?parent=272"}],"curies":[{"name":"wp","href":"https:\/\/api.w.org\/{rel}","templated":true}]}}