{"id":37,"date":"2018-01-17T22:01:05","date_gmt":"2018-01-17T21:01:05","guid":{"rendered":"http:\/\/gefluegel.unitrend.de\/?page_id=37"},"modified":"2024-02-01T21:40:56","modified_gmt":"2024-02-01T20:40:56","slug":"impressum","status":"publish","type":"page","link":"https:\/\/gefluegel.unitrend.de\/index.php\/ueber-uns\/impressum\/","title":{"rendered":"Impressum"},"content":{"rendered":"<p><b><span style=\"font-family: Arial;\">Rassegefl\u00fcgel Apolda\u00a0 e.V.<br \/>\n<\/span><\/b>E-Mail: info[at]gefluegel[.]unitrend[.]de<\/p>\n<p><strong>Haftungshinweis:<\/strong><br \/>\nTrotz sorgf\u00e4ltiger inhaltlicher Kontrolle \u00fcbernehmen wir keine Haftung f\u00fcr die Inhalte externer Links. F\u00fcr den Inhalt der verlinkten Seiten sind ausschlie\u00dflich deren Betreiber verantwortlich<\/p>\n<p><strong>Datenschutzerkl\u00e4rung<br \/>\n<\/strong>Wir erheben, verwenden und speichern Ihre personenbezogenen Daten ausschlie\u00dflich im Rahmen der Bestimmungen des Bundesdatenschutzgesetzes der Bundesrepublik Deutschland. Nachfolgend unterrichten wir Sie \u00fcber Art, Umfang und Zweck der Datenerhebung und Verwendung.<br \/>\n<b><br \/>\n<strong>Erhebung und Verarbeitung von Daten<\/strong><\/b><br \/>\nJeder Zugriff auf unsere Internetseite und jeder Abruf einer auf dieser Website hinterlegten Datei werden protokolliert. Die Speicherung dient internen systembezogenen und statistischen Zwecken. Protokolliert werden: Name der abgerufenen Datei, Datum und Uhrzeit des Abrufs, \u00fcbertragene Datenmenge, Meldung \u00fcber erfolgreichen Abruf, Webbrowser und anfragende Domain. Zus\u00e4tzlich werden die IP-Adressen der anfragenden Rechner protokolliert. Weitergehende personenbezogene Daten werden nur erfasst, wenn der Nutzer der Website Angaben freiwillig, etwa im Rahmen einer Anfrage oder Registrierung oder \u00fcber die Einstellungen seines Browsers t\u00e4tigt.<\/p>\n<blockquote class=\"alignleft\"><p>Um die Nutzung von Cookies zu unterbinden, bitte die lokalen Einstellungen im Internetbrowser verwenden.<\/p><\/blockquote>\n<p>Unsere Internetseite verwendet Cookies. Ein Cookie ist eine Textdatei, die beim Besuch einer Internetseite verschickt und auf der Festplatte des Nutzers der Website zwischengespeichert wird. Wird der entsprechende Server unserer Webseite erneut vom Nutzer der Website aufgerufen, sendet der Browser den zuvor empfangenen Cookie wieder zur\u00fcck an den Server.\u00a0 Wenn der Nutzer der Website die Nutzung von Cookies unterbinden will, kann er dies durch lokale \u00c4nderungen seiner Einstellungen in dem auf seinem Computer verwendeten Internetbrowser, also dem Programm zum \u00d6ffnen und Anzeigen von Internetseiten (z.B. Edge, Chrome, Mozilla Firefox, Opera oder Safari) tun.<br \/>\n<b><br \/>\n<\/b><strong>Nutzung und Weitergabe personenbezogener Daten<\/strong><br \/>\nSoweit der Nutzer unserer Webseite personenbezogene Daten zur Verf\u00fcgung gestellt hat, verwenden wir diese nur zur Beantwortung von Anfragen des Nutzers der Website und f\u00fcr die technische Administration. Personenbezogene Daten werden von uns an Dritte nur weitergegeben oder sonst \u00fcbermittelt, wenn dies zum Zwecke der Vertragsabwicklung oder zu Abrechnungszwecken erforderlich ist oder der Nutzer der Website eingewilligt hat. Der Nutzer der Website hat das Recht, eine erteilte Einwilligung mit Wirkung f\u00fcr die Zukunft jederzeit zu widerrufen.<\/p>\n<p>Die L\u00f6schung der gespeicherten personenbezogenen Daten erfolgt, wenn der Nutzer der Website die Einwilligung zur Speicherung widerruft, wenn ihre Kenntnis zur Erf\u00fcllung des mit der Speicherung verfolgten Zwecks nicht mehr erforderlich ist oder wenn ihre Speicherung aus sonstigen gesetzlichen Gr\u00fcnden unzul\u00e4ssig ist. Daten f\u00fcr Abrechnungszwecke und buchhalterische Zwecke werden von einem L\u00f6schungsverlangen nicht ber\u00fchrt.<\/p>\n<p><strong>Auskunftsrecht<\/strong><br \/>\nAuf Anfrage informieren wir den Nutzer der Website \u00fcber die zu seiner Person gespeicherten Daten. Die Anfrage ist in Schriftform an den Schriftf\u00fchrer des Vereins unter folgender Adresse zu richten:<\/p>\n<p style=\"text-align: center;\">Daniel G\u00e4bler<br \/>\nKirchberg 204<br \/>\n99510 Apolda<\/p>\n","protected":false},"excerpt":{"rendered":"<p>Rassegefl\u00fcgel Apolda\u00a0 e.V. E-Mail: info[at]gefluegel[.]unitrend[.]de Haftungshinweis: Trotz sorgf\u00e4ltiger inhaltlicher Kontrolle \u00fcbernehmen wir keine Haftung f\u00fcr die Inhalte externer Links. F\u00fcr den Inhalt der verlinkten Seiten sind ausschlie\u00dflich deren Betreiber verantwortlich &hellip; <a href=\"https:\/\/gefluegel.unitrend.de\/index.php\/ueber-uns\/impressum\/\" class=\"more-link\"><span class=\"screen-reader-text\">Impressum<\/span> weiterlesen <span class=\"meta-nav\">&rarr;<\/span><\/a><\/p>\n","protected":false},"author":1,"featured_media":0,"parent":12,"menu_order":7,"comment_status":"closed","ping_status":"closed","template":"","meta":{"_EventAllDay":false,"_EventTimezone":"","_EventStartDate":"","_EventEndDate":"","_EventStartDateUTC":"","_EventEndDateUTC":"","_EventShowMap":false,"_EventShowMapLink":false,"_EventURL":"","_EventCost":"","_EventCostDescription":"","_EventCurrencySymbol":"","_EventCurrencyCode":"","_EventCurrencyPosition":"","_EventDateTimeSeparator":"","_EventTimeRangeSeparator":"","_EventOrganizerID":[],"_EventVenueID":[],"_OrganizerEmail":"","_OrganizerPhone":"","_OrganizerWebsite":"","_VenueAddress":"","_VenueCity":"","_VenueCountry":"","_VenueProvince":"","_VenueState":"","_VenueZip":"","_VenuePhone":"","_VenueURL":"","_VenueStateProvince":"","_VenueLat":"","_VenueLng":"","_VenueShowMap":false,"_VenueShowMapLink":false,"footnotes":""},"class_list":["post-37","page","type-page","status-publish","hentry"],"_links":{"self":[{"href":"https:\/\/gefluegel.unitrend.de\/index.php\/wp-json\/wp\/v2\/pages\/37","targetHints":{"allow":["GET"]}}],"collection":[{"href":"https:\/\/gefluegel.unitrend.de\/index.php\/wp-json\/wp\/v2\/pages"}],"about":[{"href":"https:\/\/gefluegel.unitrend.de\/index.php\/wp-json\/wp\/v2\/types\/page"}],"author":[{"embeddable":true,"href":"https:\/\/gefluegel.unitrend.de\/index.php\/wp-json\/wp\/v2\/users\/1"}],"replies":[{"embeddable":true,"href":"https:\/\/gefluegel.unitrend.de\/index.php\/wp-json\/wp\/v2\/comments?post=37"}],"version-history":[{"count":7,"href":"https:\/\/gefluegel.unitrend.de\/index.php\/wp-json\/wp\/v2\/pages\/37\/revisions"}],"predecessor-version":[{"id":842,"href":"https:\/\/gefluegel.unitrend.de\/index.php\/wp-json\/wp\/v2\/pages\/37\/revisions\/842"}],"up":[{"embeddable":true,"href":"https:\/\/gefluegel.unitrend.de\/index.php\/wp-json\/wp\/v2\/pages\/12"}],"wp:attachment":[{"href":"https:\/\/gefluegel.unitrend.de\/index.php\/wp-json\/wp\/v2\/media?parent=37"}],"curies":[{"name":"wp","href":"https:\/\/api.w.org\/{rel}","templated":true}]}}