{"id":513,"date":"2018-01-21T21:56:35","date_gmt":"2018-01-21T20:56:35","guid":{"rendered":"http:\/\/gefluegel.unitrend.de\/index.php\/users\/"},"modified":"2018-01-21T21:56:35","modified_gmt":"2018-01-21T20:56:35","slug":"users","status":"publish","type":"page","link":"https:\/\/gefluegel.unitrend.de\/index.php\/users\/","title":{"rendered":"Users"},"content":{"rendered":"<div class=\"uwp-users-class sdel-3d2ad6a5\" ><div class=\"uwp_page\"><div class=\"uwp-user-loop-action bsui sdel-db781255\" ><div class=\"container mb-3 overflow-visible\">\n\t<div class=\"row\">\n\t\t<div class=\"col-sm-8 p-0\">\n\t\t\t\t\t<\/div>\n\t\t<div class=\"col-sm-4 p-0\">\n\t\t\t<div class=\"btn-toolbar justify-content-end\" role=\"toolbar\" aria-label=\"Toolbar with button groups\">\n\t\t\t\t<div class=\"btn-group btn-group-sm me-2 uwp-user-sort\" role=\"group\">\n\t\t\t\t\t<button type=\"button\"  id=\"uwp-user-sort\"  class=\"btn btn-outline-primary rounded-end\"  data-bs-toggle=\"dropdown\"  aria-haspopup=\"true\"  aria-expanded=\"false\"  ><i class=\"fas fa-sort\" ><\/i> Sortieren nach<\/button>\n\t\t\t\t\t<div class=\"dropdown-menu mt-3\" aria-labelledby=\"uwp-user-sort\">\n\t\t\t\t\t\t<h6 class=\"dropdown-header\">Sortierungsoptionen<\/h6>\n\t\t\t\t\t\t<a href=\"https:\/\/gefluegel.unitrend.de\/index.php\/users\/?uwp_sort_by=display_name_asc\" class=\"dropdown-item\"  rel=\"nofollow\"  >Display Name (A-Z)<\/a>\n<a href=\"https:\/\/gefluegel.unitrend.de\/index.php\/users\/?uwp_sort_by=display_name_desc\" class=\"dropdown-item\"  rel=\"nofollow\"  >Display Name (Z-A)<\/a>\n<a href=\"https:\/\/gefluegel.unitrend.de\/index.php\/users\/?uwp_sort_by=newer\" class=\"dropdown-item\"  rel=\"nofollow\"  >Neuer<\/a>\n<a href=\"https:\/\/gefluegel.unitrend.de\/index.php\/users\/?uwp_sort_by=older\" class=\"dropdown-item\"  rel=\"nofollow\"  >\u00c4lter<\/a>\n<a href=\"https:\/\/gefluegel.unitrend.de\/index.php\/users\/?uwp_sort_by=first_name_asc\" class=\"dropdown-item\"  rel=\"nofollow\"  >Vorname (A-Z)<\/a>\n<a href=\"https:\/\/gefluegel.unitrend.de\/index.php\/users\/?uwp_sort_by=first_name_desc\" class=\"dropdown-item\"  rel=\"nofollow\"  >Vorname (Z-A)<\/a>\n<a href=\"https:\/\/gefluegel.unitrend.de\/index.php\/users\/?uwp_sort_by=last_name_asc\" class=\"dropdown-item\"  rel=\"nofollow\"  >Nachname (A-Z)<\/a>\n<a href=\"https:\/\/gefluegel.unitrend.de\/index.php\/users\/?uwp_sort_by=last_name_desc\" class=\"dropdown-item\"  rel=\"nofollow\"  >Nachname (Z-A)<\/a>\n\t\t\t\t\t<\/div>\n\t\t\t\t<\/div>\n\n\t\t\t\t<div class=\"btn-group btn-group-sm uwp-list-view-select\" role=\"group\" aria-label=\"First group\">\n\t\t\t\t\t<div class=\"btn-group btn-group-sm\" role=\"group\">\n\t\t\t\t\t\t<button type=\"button\"  id=\"uwp-list-view-select-grid\"  class=\"btn btn-outline-primary rounded-end uwp-list-view-select-grid\"  data-bs-toggle=\"dropdown\"  aria-haspopup=\"true\"  aria-expanded=\"false\"  ><i class=\"fas fa-th\" ><\/i><\/button>\n\t\t\t\t\t\t<div class=\"dropdown-menu dropdown-menu-right mt-3 p-0\" aria-labelledby=\"uwp-list-view-select-grid\">\n\t\t\t\t\t\t\t<button type=\"button\"  class=\"dropdown-item\"  data-gridview=\"1\"  onclick=\"uwp_list_view_select(1);return false;\"  >1-Spalten<\/button>\n<button type=\"button\"  class=\"dropdown-item\"  data-gridview=\"2\"  onclick=\"uwp_list_view_select(2);return false;\"  >2-Spalten<\/button>\n<button type=\"button\"  class=\"dropdown-item\"  data-gridview=\"3\"  onclick=\"uwp_list_view_select(3);return false;\"  >3-Spalten<\/button>\n<button type=\"button\"  class=\"dropdown-item\"  data-gridview=\"4\"  onclick=\"uwp_list_view_select(4);return false;\"  >4-Spalten<\/button>\n<button type=\"button\"  class=\"dropdown-item\"  data-gridview=\"5\"  onclick=\"uwp_list_view_select(5);return false;\"  >5-Spalten<\/button>\n\t\t\t\t\t\t<\/div>\n\t\t\t\t\t<\/div>\n\t\t\t\t<\/div>\n\t\t\t<\/div>\n\t\t<\/div>\n\t\t\t<\/div>\n<\/div>\n<\/div>\n<div class=\"uwp-users-list bsui sdel-faf96c40\" ><div class=\"uwp-users-loop\">\n    <div class=\"row row-cols-1 row-cols-sm-2 row-cols-md-1\"><div class=\"col mb-4\">\n\t<div class=\"card uwp-users-list-user text-center h-100\">\n\t\t\t<div class=\"uwp-profile-header bsui sdel-87e3cf3d\" ><a href=\"https:\/\/gefluegel.unitrend.de\/index.php\/profile\/dgaebler\/\" title=\"dgaebler\">        <img decoding=\"async\" class=\"card-img-top m-0 p-0 uwp-banner-image\" src=\"https:\/\/gefluegel.unitrend.de\/wp-content\/plugins\/userswp\/assets\/images\/banner.png\"\n             alt=\"Benutzer-Bannerbild\">\n\t\t<\/a>\n\t\t\n    <div class=\"card-body  text-center pb-0\">\n\n        <div class=\"row justify-content-center\">\n\n\t\t\t                <div class=\"col col-5 text-center tofront \">\n\t\t\t\t\t<a href=\"https:\/\/gefluegel.unitrend.de\/index.php\/profile\/dgaebler\/\" title=\"dgaebler\">                    <img decoding=\"async\" class=\"rounded-circle shadow border border-white border-width-4 p-0 mw-100 mt-neg5\"\n                         src=\"https:\/\/secure.gravatar.com\/avatar\/f2d9c5b34a18f303b5d4a0791f6f79213b181c44905dc1fee48b4a4e767f9ad9?s=150&#038;r=g&#038;d=https:\/\/gefluegel.unitrend.de\/wp-content\/plugins\/userswp\/assets\/images\/no_profile.png\" alt=\"Benutzerprofilbild\">\n\t\t\t\t\t<\/a>\n\t\t\t\t\t                <\/div>\n\t\t\t\n            <div class=\"col-12  text-center \">\n                <ul class=\"list-group border-0 m-0 p-0 bg-transparent\">\n                    <li class=\"list-group-item border-0 m-0 p-0 bg-transparent uwp-profile-title\">\n\t\t\t\t\t\t        <div class=\"uwp-profile-name\">\n        <h4 class=\"uwp-user-title h4 card-title text-dark  fw-bold m-0 p-0\"\n        data-user=\"1\">\n\t\t<a href=\"https:\/\/gefluegel.unitrend.de\/index.php\/profile\/dgaebler\/\"\n                                 class=\"text-muted\">\t\tdgaebler\t\t<\/a>\t\t        <\/h4>\n        <\/div>\n\t\t                    <\/li>\n                <\/ul>\n\t\t\t\t<span class=\"badge text-bg-white nav-link text-muted pe-0 ps-0\">Beitr\u00e4ge<span class=\"badge text-bg-dark ms-1\">11<\/span><\/span> \n            <\/div>\n            <div class=\"col-12  text-center pt-2\">\n\t\t\t\t            <\/div>\n        <\/div>\n\n\t\t\n    <\/div>\n\n\t<\/div>\n            <div class=\"card-body\">\n\t\t\t\t<div class=\"uwp-output-location uwp-output-location-users\"><div class=\"uwp-profile-extra\"><div class=\"uwp-profile-extra-div form-table\">                        <div class=\"uwp-profile-extra-wrap \">\n                            <div class=\"uwp-profile-extra-key d-inline-block\"> Biografie                                <span class=\"uwp-profile-extra-sep\">:<\/span><\/div>\n                            <div class=\"uwp-profile-extra-value d-inline-block\">\n\t\t\t\t\t\t\t\t                                        <div class=\"uwp-profile-bio \">\n\t\t\t\t\t\t\t\t\t\t\tSchriftf\u00fchrer des Vereins und auch zust\u00e4ndig f\u00fcr die \u00d6ffentlichkeitsarbeit.                                        <\/div>\n\t\t\t\t\t\t\t\t\t\t                            <\/div>\n                        <\/div>\n\t\t\t\t\t\t<\/div><\/div><\/div>            <\/div>\n            <div class=\"card-footer\">\n\t\t\t\t            <\/div>\n\t\t\t\t<\/div>\n<\/div>\n\n<div class=\"col mb-4\">\n\t<div class=\"card uwp-users-list-user text-center h-100\">\n\t\t\t<div class=\"uwp-profile-header bsui sdel-87e3cf3d\" ><a href=\"https:\/\/gefluegel.unitrend.de\/index.php\/profile\/hgaebler\/\" title=\"Hanna G\u00e4bler\">        <img decoding=\"async\" class=\"card-img-top m-0 p-0 uwp-banner-image\" src=\"https:\/\/gefluegel.unitrend.de\/wp-content\/plugins\/userswp\/assets\/images\/banner.png\"\n             alt=\"Benutzer-Bannerbild\">\n\t\t<\/a>\n\t\t\n    <div class=\"card-body  text-center pb-0\">\n\n        <div class=\"row justify-content-center\">\n\n\t\t\t                <div class=\"col col-5 text-center tofront \">\n\t\t\t\t\t<a href=\"https:\/\/gefluegel.unitrend.de\/index.php\/profile\/hgaebler\/\" title=\"Hanna G\u00e4bler\">                    <img decoding=\"async\" class=\"rounded-circle shadow border border-white border-width-4 p-0 mw-100 mt-neg5\"\n                         src=\"https:\/\/secure.gravatar.com\/avatar\/1458214df6bbc5a0c4f527295d1b6c8be78996d87aef9f8c383fc3fc5ef756dc?s=150&#038;r=g&#038;d=https:\/\/gefluegel.unitrend.de\/wp-content\/plugins\/userswp\/assets\/images\/no_profile.png\" alt=\"Benutzerprofilbild\">\n\t\t\t\t\t<\/a>\n\t\t\t\t\t                <\/div>\n\t\t\t\n            <div class=\"col-12  text-center \">\n                <ul class=\"list-group border-0 m-0 p-0 bg-transparent\">\n                    <li class=\"list-group-item border-0 m-0 p-0 bg-transparent uwp-profile-title\">\n\t\t\t\t\t\t        <div class=\"uwp-profile-name\">\n        <h4 class=\"uwp-user-title h4 card-title text-dark  fw-bold m-0 p-0\"\n        data-user=\"2\">\n\t\t<a href=\"https:\/\/gefluegel.unitrend.de\/index.php\/profile\/hgaebler\/\"\n                                 class=\"text-muted\">\t\tHanna G\u00e4bler\t\t<\/a>\t\t        <\/h4>\n        <\/div>\n\t\t                    <\/li>\n                <\/ul>\n\t\t\t\t            <\/div>\n            <div class=\"col-12  text-center pt-2\">\n\t\t\t\t            <\/div>\n        <\/div>\n\n\t\t\n    <\/div>\n\n\t<\/div>\n            <div class=\"card-body\">\n\t\t\t\t<div class=\"uwp-output-location uwp-output-location-users\"><\/div>            <\/div>\n            <div class=\"card-footer\">\n\t\t\t\t            <\/div>\n\t\t\t\t<\/div>\n<\/div>\n\n<div class=\"col mb-4\">\n\t<div class=\"card uwp-users-list-user text-center h-100\">\n\t\t\t<div class=\"uwp-profile-header bsui sdel-87e3cf3d\" ><a href=\"https:\/\/gefluegel.unitrend.de\/index.php\/profile\/karlmindt84\/\" title=\"Karl Otto\">        <img decoding=\"async\" class=\"card-img-top m-0 p-0 uwp-banner-image\" src=\"https:\/\/gefluegel.unitrend.de\/wp-content\/plugins\/userswp\/assets\/images\/banner.png\"\n             alt=\"Benutzer-Bannerbild\">\n\t\t<\/a>\n\t\t\n    <div class=\"card-body  text-center pb-0\">\n\n        <div class=\"row justify-content-center\">\n\n\t\t\t                <div class=\"col col-5 text-center tofront \">\n\t\t\t\t\t<a href=\"https:\/\/gefluegel.unitrend.de\/index.php\/profile\/karlmindt84\/\" title=\"Karl Otto\">                    <img decoding=\"async\" class=\"rounded-circle shadow border border-white border-width-4 p-0 mw-100 mt-neg5\"\n                         src=\"https:\/\/secure.gravatar.com\/avatar\/76ffc1468194fc531360fe4492df57467a873776c5099431442666ede8d1e757?s=150&#038;r=g&#038;d=https:\/\/gefluegel.unitrend.de\/wp-content\/plugins\/userswp\/assets\/images\/no_profile.png\" alt=\"Benutzerprofilbild\">\n\t\t\t\t\t<\/a>\n\t\t\t\t\t                <\/div>\n\t\t\t\n            <div class=\"col-12  text-center \">\n                <ul class=\"list-group border-0 m-0 p-0 bg-transparent\">\n                    <li class=\"list-group-item border-0 m-0 p-0 bg-transparent uwp-profile-title\">\n\t\t\t\t\t\t        <div class=\"uwp-profile-name\">\n        <h4 class=\"uwp-user-title h4 card-title text-dark  fw-bold m-0 p-0\"\n        data-user=\"42\">\n\t\t<a href=\"https:\/\/gefluegel.unitrend.de\/index.php\/profile\/karlmindt84\/\"\n                                 class=\"text-muted\">\t\tKarl Otto\t\t<\/a>\t\t        <\/h4>\n        <\/div>\n\t\t                    <\/li>\n                <\/ul>\n\t\t\t\t            <\/div>\n            <div class=\"col-12  text-center pt-2\">\n\t\t\t\t            <\/div>\n        <\/div>\n\n\t\t\n    <\/div>\n\n\t<\/div>\n            <div class=\"card-body\">\n\t\t\t\t<div class=\"uwp-output-location uwp-output-location-users\"><div class=\"uwp-profile-extra\"><div class=\"uwp-profile-extra-div form-table\">                        <div class=\"uwp-profile-extra-wrap \">\n                            <div class=\"uwp-profile-extra-key d-inline-block\"> Biografie                                <span class=\"uwp-profile-extra-sep\">:<\/span><\/div>\n                            <div class=\"uwp-profile-extra-value d-inline-block\">\n\t\t\t\t\t\t\t\t                                        <div class=\"uwp-profile-bio \">\n\t\t\t\t\t\t\t\t\t\t\tIch Interesse mich sehr f\u00fcr die Dresdner H\u00fchner Rasse. So wie f\u00fcr G\u00e4nse. Meine Traum ist es einen Pokal f\u00fcr meine schwarzen Dresdner Zu erhalten. Denn es sind keine Zwerg H\u00fchner und meiner Meinung nach werden diese sehr selten.                                        <\/div>\n\t\t\t\t\t\t\t\t\t\t                            <\/div>\n                        <\/div>\n\t\t\t\t\t\t<\/div><\/div><\/div>            <\/div>\n            <div class=\"card-footer\">\n\t\t\t\t            <\/div>\n\t\t\t\t<\/div>\n<\/div>\n\n<div class=\"col mb-4\">\n\t<div class=\"card uwp-users-list-user text-center h-100\">\n\t\t\t<div class=\"uwp-profile-header bsui sdel-87e3cf3d\" ><a href=\"https:\/\/gefluegel.unitrend.de\/index.php\/profile\/test_abonnent\/\" title=\"Daniel G\u00e4bler\">        <img decoding=\"async\" class=\"card-img-top m-0 p-0 uwp-banner-image\" src=\"https:\/\/gefluegel.unitrend.de\/wp-content\/plugins\/userswp\/assets\/images\/banner.png\"\n             alt=\"Benutzer-Bannerbild\">\n\t\t<\/a>\n\t\t\n    <div class=\"card-body  text-center pb-0\">\n\n        <div class=\"row justify-content-center\">\n\n\t\t\t                <div class=\"col col-5 text-center tofront \">\n\t\t\t\t\t<a href=\"https:\/\/gefluegel.unitrend.de\/index.php\/profile\/test_abonnent\/\" title=\"Daniel G\u00e4bler\">                    <img decoding=\"async\" class=\"rounded-circle shadow border border-white border-width-4 p-0 mw-100 mt-neg5\"\n                         src=\"https:\/\/secure.gravatar.com\/avatar\/73a0b060f5b67f1d2f747706b09578ac55f11c83f2d3905fc8b633dc57615d83?s=150&#038;r=g&#038;d=https:\/\/gefluegel.unitrend.de\/wp-content\/plugins\/userswp\/assets\/images\/no_profile.png\" alt=\"Benutzerprofilbild\">\n\t\t\t\t\t<\/a>\n\t\t\t\t\t                <\/div>\n\t\t\t\n            <div class=\"col-12  text-center \">\n                <ul class=\"list-group border-0 m-0 p-0 bg-transparent\">\n                    <li class=\"list-group-item border-0 m-0 p-0 bg-transparent uwp-profile-title\">\n\t\t\t\t\t\t        <div class=\"uwp-profile-name\">\n        <h4 class=\"uwp-user-title h4 card-title text-dark  fw-bold m-0 p-0\"\n        data-user=\"4\">\n\t\t<a href=\"https:\/\/gefluegel.unitrend.de\/index.php\/profile\/test_abonnent\/\"\n                                 class=\"text-muted\">\t\tDaniel G\u00e4bler\t\t<\/a>\t\t        <\/h4>\n        <\/div>\n\t\t                    <\/li>\n                <\/ul>\n\t\t\t\t            <\/div>\n            <div class=\"col-12  text-center pt-2\">\n\t\t\t\t            <\/div>\n        <\/div>\n\n\t\t\n    <\/div>\n\n\t<\/div>\n            <div class=\"card-body\">\n\t\t\t\t<div class=\"uwp-output-location uwp-output-location-users\"><\/div>            <\/div>\n            <div class=\"card-footer\">\n\t\t\t\t            <\/div>\n\t\t\t\t<\/div>\n<\/div>\n\n<div class=\"col mb-4\">\n\t<div class=\"card uwp-users-list-user text-center h-100\">\n\t\t\t<div class=\"uwp-profile-header bsui sdel-87e3cf3d\" ><a href=\"https:\/\/gefluegel.unitrend.de\/index.php\/profile\/toschmann\/\" title=\"toschmann\">        <img decoding=\"async\" class=\"card-img-top m-0 p-0 uwp-banner-image\" src=\"https:\/\/gefluegel.unitrend.de\/wp-content\/plugins\/userswp\/assets\/images\/banner.png\"\n             alt=\"Benutzer-Bannerbild\">\n\t\t<\/a>\n\t\t\n    <div class=\"card-body  text-center pb-0\">\n\n        <div class=\"row justify-content-center\">\n\n\t\t\t                <div class=\"col col-5 text-center tofront \">\n\t\t\t\t\t<a href=\"https:\/\/gefluegel.unitrend.de\/index.php\/profile\/toschmann\/\" title=\"toschmann\">                    <img decoding=\"async\" class=\"rounded-circle shadow border border-white border-width-4 p-0 mw-100 mt-neg5\"\n                         src=\"https:\/\/secure.gravatar.com\/avatar\/a1d61f17e466e5e3d4360a083bb7f86c31ed3d3878abc1137178dc0cf312d42c?s=150&#038;r=g&#038;d=https:\/\/gefluegel.unitrend.de\/wp-content\/plugins\/userswp\/assets\/images\/no_profile.png\" alt=\"Benutzerprofilbild\">\n\t\t\t\t\t<\/a>\n\t\t\t\t\t                <\/div>\n\t\t\t\n            <div class=\"col-12  text-center \">\n                <ul class=\"list-group border-0 m-0 p-0 bg-transparent\">\n                    <li class=\"list-group-item border-0 m-0 p-0 bg-transparent uwp-profile-title\">\n\t\t\t\t\t\t        <div class=\"uwp-profile-name\">\n        <h4 class=\"uwp-user-title h4 card-title text-dark  fw-bold m-0 p-0\"\n        data-user=\"3\">\n\t\t<a href=\"https:\/\/gefluegel.unitrend.de\/index.php\/profile\/toschmann\/\"\n                                 class=\"text-muted\">\t\ttoschmann\t\t<\/a>\t\t        <\/h4>\n        <\/div>\n\t\t                    <\/li>\n                <\/ul>\n\t\t\t\t            <\/div>\n            <div class=\"col-12  text-center pt-2\">\n\t\t\t\t            <\/div>\n        <\/div>\n\n\t\t\n    <\/div>\n\n\t<\/div>\n            <div class=\"card-body\">\n\t\t\t\t<div class=\"uwp-output-location uwp-output-location-users\"><div class=\"uwp-profile-extra\"><div class=\"uwp-profile-extra-div form-table\">                        <div class=\"uwp-profile-extra-wrap \">\n                            <div class=\"uwp-profile-extra-key d-inline-block\"> Biografie                                <span class=\"uwp-profile-extra-sep\">:<\/span><\/div>\n                            <div class=\"uwp-profile-extra-value d-inline-block\">\n\t\t\t\t\t\t\t\t                                        <div class=\"uwp-profile-bio \">\n\t\t\t\t\t\t\t\t\t\t\tKassierer im Verein                                        <\/div>\n\t\t\t\t\t\t\t\t\t\t                            <\/div>\n                        <\/div>\n\t\t\t\t\t\t<\/div><\/div><\/div>            <\/div>\n            <div class=\"card-footer\">\n\t\t\t\t            <\/div>\n\t\t\t\t<\/div>\n<\/div>\n\n<\/div><\/div><!-- .uwp-users-loop -->\n\n        <div class=\"uwp-pagination\">\n\t\t\t        <\/div>\n\t\t<\/div><\/div><\/div>\n","protected":false},"excerpt":{"rendered":"","protected":false},"author":1,"featured_media":0,"parent":0,"menu_order":0,"comment_status":"closed","ping_status":"closed","template":"","meta":{"_EventAllDay":false,"_EventTimezone":"","_EventStartDate":"","_EventEndDate":"","_EventStartDateUTC":"","_EventEndDateUTC":"","_EventShowMap":false,"_EventShowMapLink":false,"_EventURL":"","_EventCost":"","_EventCostDescription":"","_EventCurrencySymbol":"","_EventCurrencyCode":"","_EventCurrencyPosition":"","_EventDateTimeSeparator":"","_EventTimeRangeSeparator":"","_EventOrganizerID":[],"_EventVenueID":[],"_OrganizerEmail":"","_OrganizerPhone":"","_OrganizerWebsite":"","_VenueAddress":"","_VenueCity":"","_VenueCountry":"","_VenueProvince":"","_VenueState":"","_VenueZip":"","_VenuePhone":"","_VenueURL":"","_VenueStateProvince":"","_VenueLat":"","_VenueLng":"","_VenueShowMap":false,"_VenueShowMapLink":false,"footnotes":""},"class_list":["post-513","page","type-page","status-publish","hentry"],"_links":{"self":[{"href":"https:\/\/gefluegel.unitrend.de\/index.php\/wp-json\/wp\/v2\/pages\/513","targetHints":{"allow":["GET"]}}],"collection":[{"href":"https:\/\/gefluegel.unitrend.de\/index.php\/wp-json\/wp\/v2\/pages"}],"about":[{"href":"https:\/\/gefluegel.unitrend.de\/index.php\/wp-json\/wp\/v2\/types\/page"}],"author":[{"embeddable":true,"href":"https:\/\/gefluegel.unitrend.de\/index.php\/wp-json\/wp\/v2\/users\/1"}],"replies":[{"embeddable":true,"href":"https:\/\/gefluegel.unitrend.de\/index.php\/wp-json\/wp\/v2\/comments?post=513"}],"version-history":[{"count":0,"href":"https:\/\/gefluegel.unitrend.de\/index.php\/wp-json\/wp\/v2\/pages\/513\/revisions"}],"wp:attachment":[{"href":"https:\/\/gefluegel.unitrend.de\/index.php\/wp-json\/wp\/v2\/media?parent=513"}],"curies":[{"name":"wp","href":"https:\/\/api.w.org\/{rel}","templated":true}]}}